{"id":12,"date":"2023-07-25T18:46:30","date_gmt":"2023-07-25T16:46:30","guid":{"rendered":"https:\/\/gleaming-gprono.wordpress.com\/?page_id=10"},"modified":"2025-02-14T20:28:28","modified_gmt":"2025-02-14T19:28:28","slug":"le-shiatsu","status":"publish","type":"page","link":"https:\/\/shiatsu-bleuzen.fr\/index.php\/le-shiatsu\/","title":{"rendered":"Le Shiatsu"},"content":{"rendered":"\n<p>Le Shiatsu est une technique de soin d&rsquo;origine japonaise qui utilise des manipulations et pressions avec la main et les doigts afin de d\u00e9tendre le corps et ainsi faciliter le mouvement et la circulation \u00e9nerg\u00e9tique dans le corps. Shiatsu signifie litt\u00e9ralement pression des doigts en japonais. <\/p>\n\n\n\n<p>Cette th\u00e9rapie manuelle tient ses origines dans l&rsquo;acupuncture et la m\u00e9decine orientale.<\/p>\n\n\n\n<p>Le shiatsu est une m\u00e9thode globale qui agit sur le plan physique et psychique pour permettre un r\u00e9\u00e9quilibrage en profondeur du corps et de l&rsquo;esprit. Il d\u00e9veloppe la facult\u00e9 de l&rsquo;organisme \u00e0 s&rsquo;autor\u00e9guler, stimule le syst\u00e8me immunitaire et aide \u00e0 la respiration naturelle. Son approche globale de l&rsquo;\u00eatre (corps et esprit) permet de soulager de nombreux maux.<\/p>\n\n\n\n<p>Th\u00e9rapie officielle au Japon, le shiatsu est class\u00e9 m\u00e9decine non conventionnelle, efficace et digne d&rsquo;int\u00e9r\u00eat par le Parlement Europ\u00e9en. En France, on le consid\u00e8re comme une discipline \u00e9nerg\u00e9tique naturelle am\u00e9liorant la sant\u00e9.<\/p>\n\n\n\n<div style=\"height:59px\" aria-hidden=\"true\" class=\"wp-block-spacer\"><\/div>\n\n\n\n<figure class=\"wp-block-image aligncenter size-medium has-custom-border is-style-rounded is-style-rounded--1\"><img loading=\"lazy\" decoding=\"async\" width=\"300\" height=\"285\" src=\"https:\/\/shiatsu-bleuzen.fr\/wp-content\/uploads\/2025\/02\/20250214_105647-1-300x285.jpg\" alt=\"\" class=\"wp-image-361\" style=\"border-width:3px\" srcset=\"https:\/\/shiatsu-bleuzen.fr\/wp-content\/uploads\/2025\/02\/20250214_105647-1-300x285.jpg 300w, https:\/\/shiatsu-bleuzen.fr\/wp-content\/uploads\/2025\/02\/20250214_105647-1-1024x971.jpg 1024w, https:\/\/shiatsu-bleuzen.fr\/wp-content\/uploads\/2025\/02\/20250214_105647-1-768x729.jpg 768w, https:\/\/shiatsu-bleuzen.fr\/wp-content\/uploads\/2025\/02\/20250214_105647-1-1536x1457.jpg 1536w, https:\/\/shiatsu-bleuzen.fr\/wp-content\/uploads\/2025\/02\/20250214_105647-1-2048x1943.jpg 2048w\" sizes=\"auto, (max-width: 300px) 100vw, 300px\" \/><\/figure>\n\n\n\n<div style=\"height:55px\" aria-hidden=\"true\" class=\"wp-block-spacer\"><\/div>\n\n\n\n<p style=\"font-size:clamp(15.197px, 0.95rem + ((1vw - 3.2px) * 0.813), 23px);\"><strong>Pour agir sur quoi?<\/strong><\/p>\n\n\n\n<p>Le shiatsu est une m\u00e9thode qui permet d&rsquo;accompagner les changements de saison,\u00a0les changements de vie, la pr\u00e9paration aux examens et aux challenges sportifs\u2026 C&rsquo;est aussi une m\u00e9thode efficace pour am\u00e9liorer les \u00e9tats suivants :<\/p>\n\n\n\n<ul class=\"wp-block-list\">\n<li>Douleurs musculo-squelettiques (dos, nuque, articulations\u2026)<\/li>\n\n\n\n<li>Troubles du sommeil<\/li>\n\n\n\n<li>Fatigue<\/li>\n\n\n\n<li>Stress, d\u00e9pression<\/li>\n\n\n\n<li>Migraines<\/li>\n\n\n\n<li>Surcharges mentales et \u00e9motionnelles, angoisses..<\/li>\n\n\n\n<li>Troubles organiques (digestifs, respiratoires, gyn\u00e9cologiques, circulatoires..)<\/li>\n<\/ul>\n\n\n\n<p>Une m\u00e9thode \u00e9nerg\u00e9tique simple et naturelle pour maintenir votre \u00e9tat physique, \u00e9motionnel et mental \u00e9quilibr\u00e9.<\/p>\n\n\n\n<p><em>La pratique du shiatsu ne se substitue pas \u00e0 des actes<br>m\u00e9dicaux. En cas de trouble av\u00e9r\u00e9, consultez votre m\u00e9decin ou sp\u00e9cialiste<\/em><\/p>\n\n\n\n<div style=\"height:59px\" aria-hidden=\"true\" class=\"wp-block-spacer\"><\/div>\n","protected":false},"excerpt":{"rendered":"<p>Le Shiatsu est une technique de soin d&rsquo;origine japonaise qui utilise des manipulations et pressions avec la main et les doigts afin de d\u00e9tendre le corps et ainsi faciliter le mouvement et la circulation \u00e9nerg\u00e9tique dans le corps. Shiatsu signifie litt\u00e9ralement pression des doigts en japonais. Cette th\u00e9rapie manuelle tient ses origines dans l&rsquo;acupuncture et [&hellip;]<\/p>\n","protected":false},"author":1,"featured_media":0,"parent":0,"menu_order":0,"comment_status":"closed","ping_status":"closed","template":"","meta":{"footnotes":""},"class_list":["post-12","page","type-page","status-publish","hentry"],"yoast_head":"<!-- This site is optimized with the Yoast SEO plugin v24.3 - https:\/\/yoast.com\/wordpress\/plugins\/seo\/ -->\n<title>Le Shiatsu - Manon Bleuzen - Praticienne de Shiatsu \u00e0 Plestin-les-Gr\u00e8ves et Lannion<\/title>\n<meta name=\"description\" content=\"Description Shiatsu Manon Bleuzen Lannion Tr\u00e9gor\" \/>\n<meta name=\"robots\" content=\"index, follow, max-snippet:-1, max-image-preview:large, max-video-preview:-1\" \/>\n<link rel=\"canonical\" href=\"https:\/\/shiatsu-bleuzen.fr\/index.php\/le-shiatsu\/\" \/>\n<meta property=\"og:locale\" content=\"fr_FR\" \/>\n<meta property=\"og:type\" content=\"article\" \/>\n<meta property=\"og:title\" content=\"Le Shiatsu - Manon Bleuzen - Praticienne de Shiatsu \u00e0 Plestin-les-Gr\u00e8ves et Lannion\" \/>\n<meta property=\"og:description\" content=\"Description Shiatsu Manon Bleuzen Lannion Tr\u00e9gor\" \/>\n<meta property=\"og:url\" content=\"https:\/\/shiatsu-bleuzen.fr\/index.php\/le-shiatsu\/\" \/>\n<meta property=\"og:site_name\" content=\"Manon Bleuzen - Praticienne de Shiatsu \u00e0 Plestin-les-Gr\u00e8ves et Lannion\" \/>\n<meta property=\"article:modified_time\" content=\"2025-02-14T19:28:28+00:00\" \/>\n<meta property=\"og:image\" content=\"https:\/\/shiatsu-bleuzen.fr\/wp-content\/uploads\/2025\/02\/20250214_105647-1-scaled.jpg\" \/>\n\t<meta property=\"og:image:width\" content=\"2560\" \/>\n\t<meta property=\"og:image:height\" content=\"2429\" \/>\n\t<meta property=\"og:image:type\" content=\"image\/jpeg\" \/>\n<meta name=\"twitter:card\" content=\"summary_large_image\" \/>\n<meta name=\"twitter:label1\" content=\"Dur\u00e9e de lecture estim\u00e9e\" \/>\n\t<meta name=\"twitter:data1\" content=\"2 minutes\" \/>\n<script type=\"application\/ld+json\" class=\"yoast-schema-graph\">{\"@context\":\"https:\/\/schema.org\",\"@graph\":[{\"@type\":\"WebPage\",\"@id\":\"https:\/\/shiatsu-bleuzen.fr\/index.php\/le-shiatsu\/\",\"url\":\"https:\/\/shiatsu-bleuzen.fr\/index.php\/le-shiatsu\/\",\"name\":\"Le Shiatsu - Manon Bleuzen - Praticienne de Shiatsu \u00e0 Plestin-les-Gr\u00e8ves et Lannion\",\"isPartOf\":{\"@id\":\"https:\/\/shiatsu-bleuzen.fr\/#website\"},\"primaryImageOfPage\":{\"@id\":\"https:\/\/shiatsu-bleuzen.fr\/index.php\/le-shiatsu\/#primaryimage\"},\"image\":{\"@id\":\"https:\/\/shiatsu-bleuzen.fr\/index.php\/le-shiatsu\/#primaryimage\"},\"thumbnailUrl\":\"https:\/\/shiatsu-bleuzen.fr\/wp-content\/uploads\/2025\/02\/20250214_105647-1-300x285.jpg\",\"datePublished\":\"2023-07-25T16:46:30+00:00\",\"dateModified\":\"2025-02-14T19:28:28+00:00\",\"description\":\"Description Shiatsu Manon Bleuzen Lannion Tr\u00e9gor\",\"breadcrumb\":{\"@id\":\"https:\/\/shiatsu-bleuzen.fr\/index.php\/le-shiatsu\/#breadcrumb\"},\"inLanguage\":\"fr-FR\",\"potentialAction\":[{\"@type\":\"ReadAction\",\"target\":[\"https:\/\/shiatsu-bleuzen.fr\/index.php\/le-shiatsu\/\"]}]},{\"@type\":\"ImageObject\",\"inLanguage\":\"fr-FR\",\"@id\":\"https:\/\/shiatsu-bleuzen.fr\/index.php\/le-shiatsu\/#primaryimage\",\"url\":\"https:\/\/shiatsu-bleuzen.fr\/wp-content\/uploads\/2025\/02\/20250214_105647-1-scaled.jpg\",\"contentUrl\":\"https:\/\/shiatsu-bleuzen.fr\/wp-content\/uploads\/2025\/02\/20250214_105647-1-scaled.jpg\",\"width\":2560,\"height\":2429},{\"@type\":\"BreadcrumbList\",\"@id\":\"https:\/\/shiatsu-bleuzen.fr\/index.php\/le-shiatsu\/#breadcrumb\",\"itemListElement\":[{\"@type\":\"ListItem\",\"position\":1,\"name\":\"Accueil\",\"item\":\"https:\/\/shiatsu-bleuzen.fr\/\"},{\"@type\":\"ListItem\",\"position\":2,\"name\":\"Le Shiatsu\"}]},{\"@type\":\"WebSite\",\"@id\":\"https:\/\/shiatsu-bleuzen.fr\/#website\",\"url\":\"https:\/\/shiatsu-bleuzen.fr\/\",\"name\":\"Manon Bleuzen - Praticienne de Shiatsu\",\"description\":\"Manon Bleuzen - Praticienne de Shiatsu \u00e0 Lannion et dans le Tr\u00e9gor\",\"publisher\":{\"@id\":\"https:\/\/shiatsu-bleuzen.fr\/#organization\"},\"potentialAction\":[{\"@type\":\"SearchAction\",\"target\":{\"@type\":\"EntryPoint\",\"urlTemplate\":\"https:\/\/shiatsu-bleuzen.fr\/?s={search_term_string}\"},\"query-input\":{\"@type\":\"PropertyValueSpecification\",\"valueRequired\":true,\"valueName\":\"search_term_string\"}}],\"inLanguage\":\"fr-FR\"},{\"@type\":\"Organization\",\"@id\":\"https:\/\/shiatsu-bleuzen.fr\/#organization\",\"name\":\"Manon Bleuzen - Praticienne de Shiatsu\",\"url\":\"https:\/\/shiatsu-bleuzen.fr\/\",\"logo\":{\"@type\":\"ImageObject\",\"inLanguage\":\"fr-FR\",\"@id\":\"https:\/\/shiatsu-bleuzen.fr\/#\/schema\/logo\/image\/\",\"url\":\"https:\/\/shiatsu-bleuzen.fr\/wp-content\/uploads\/2025\/01\/site-logo.png\",\"contentUrl\":\"https:\/\/shiatsu-bleuzen.fr\/wp-content\/uploads\/2025\/01\/site-logo.png\",\"width\":512,\"height\":512,\"caption\":\"Manon Bleuzen - Praticienne de Shiatsu\"},\"image\":{\"@id\":\"https:\/\/shiatsu-bleuzen.fr\/#\/schema\/logo\/image\/\"}}]}<\/script>\n<!-- \/ Yoast SEO plugin. -->","yoast_head_json":{"title":"Le Shiatsu - Manon Bleuzen - Praticienne de Shiatsu \u00e0 Plestin-les-Gr\u00e8ves et Lannion","description":"Description Shiatsu Manon Bleuzen Lannion Tr\u00e9gor","robots":{"index":"index","follow":"follow","max-snippet":"max-snippet:-1","max-image-preview":"max-image-preview:large","max-video-preview":"max-video-preview:-1"},"canonical":"https:\/\/shiatsu-bleuzen.fr\/index.php\/le-shiatsu\/","og_locale":"fr_FR","og_type":"article","og_title":"Le Shiatsu - Manon Bleuzen - Praticienne de Shiatsu \u00e0 Plestin-les-Gr\u00e8ves et Lannion","og_description":"Description Shiatsu Manon Bleuzen Lannion Tr\u00e9gor","og_url":"https:\/\/shiatsu-bleuzen.fr\/index.php\/le-shiatsu\/","og_site_name":"Manon Bleuzen - Praticienne de Shiatsu \u00e0 Plestin-les-Gr\u00e8ves et Lannion","article_modified_time":"2025-02-14T19:28:28+00:00","og_image":[{"width":2560,"height":2429,"url":"https:\/\/shiatsu-bleuzen.fr\/wp-content\/uploads\/2025\/02\/20250214_105647-1-scaled.jpg","type":"image\/jpeg"}],"twitter_card":"summary_large_image","twitter_misc":{"Dur\u00e9e de lecture estim\u00e9e":"2 minutes"},"schema":{"@context":"https:\/\/schema.org","@graph":[{"@type":"WebPage","@id":"https:\/\/shiatsu-bleuzen.fr\/index.php\/le-shiatsu\/","url":"https:\/\/shiatsu-bleuzen.fr\/index.php\/le-shiatsu\/","name":"Le Shiatsu - Manon Bleuzen - Praticienne de Shiatsu \u00e0 Plestin-les-Gr\u00e8ves et Lannion","isPartOf":{"@id":"https:\/\/shiatsu-bleuzen.fr\/#website"},"primaryImageOfPage":{"@id":"https:\/\/shiatsu-bleuzen.fr\/index.php\/le-shiatsu\/#primaryimage"},"image":{"@id":"https:\/\/shiatsu-bleuzen.fr\/index.php\/le-shiatsu\/#primaryimage"},"thumbnailUrl":"https:\/\/shiatsu-bleuzen.fr\/wp-content\/uploads\/2025\/02\/20250214_105647-1-300x285.jpg","datePublished":"2023-07-25T16:46:30+00:00","dateModified":"2025-02-14T19:28:28+00:00","description":"Description Shiatsu Manon Bleuzen Lannion Tr\u00e9gor","breadcrumb":{"@id":"https:\/\/shiatsu-bleuzen.fr\/index.php\/le-shiatsu\/#breadcrumb"},"inLanguage":"fr-FR","potentialAction":[{"@type":"ReadAction","target":["https:\/\/shiatsu-bleuzen.fr\/index.php\/le-shiatsu\/"]}]},{"@type":"ImageObject","inLanguage":"fr-FR","@id":"https:\/\/shiatsu-bleuzen.fr\/index.php\/le-shiatsu\/#primaryimage","url":"https:\/\/shiatsu-bleuzen.fr\/wp-content\/uploads\/2025\/02\/20250214_105647-1-scaled.jpg","contentUrl":"https:\/\/shiatsu-bleuzen.fr\/wp-content\/uploads\/2025\/02\/20250214_105647-1-scaled.jpg","width":2560,"height":2429},{"@type":"BreadcrumbList","@id":"https:\/\/shiatsu-bleuzen.fr\/index.php\/le-shiatsu\/#breadcrumb","itemListElement":[{"@type":"ListItem","position":1,"name":"Accueil","item":"https:\/\/shiatsu-bleuzen.fr\/"},{"@type":"ListItem","position":2,"name":"Le Shiatsu"}]},{"@type":"WebSite","@id":"https:\/\/shiatsu-bleuzen.fr\/#website","url":"https:\/\/shiatsu-bleuzen.fr\/","name":"Manon Bleuzen - Praticienne de Shiatsu","description":"Manon Bleuzen - Praticienne de Shiatsu \u00e0 Lannion et dans le Tr\u00e9gor","publisher":{"@id":"https:\/\/shiatsu-bleuzen.fr\/#organization"},"potentialAction":[{"@type":"SearchAction","target":{"@type":"EntryPoint","urlTemplate":"https:\/\/shiatsu-bleuzen.fr\/?s={search_term_string}"},"query-input":{"@type":"PropertyValueSpecification","valueRequired":true,"valueName":"search_term_string"}}],"inLanguage":"fr-FR"},{"@type":"Organization","@id":"https:\/\/shiatsu-bleuzen.fr\/#organization","name":"Manon Bleuzen - Praticienne de Shiatsu","url":"https:\/\/shiatsu-bleuzen.fr\/","logo":{"@type":"ImageObject","inLanguage":"fr-FR","@id":"https:\/\/shiatsu-bleuzen.fr\/#\/schema\/logo\/image\/","url":"https:\/\/shiatsu-bleuzen.fr\/wp-content\/uploads\/2025\/01\/site-logo.png","contentUrl":"https:\/\/shiatsu-bleuzen.fr\/wp-content\/uploads\/2025\/01\/site-logo.png","width":512,"height":512,"caption":"Manon Bleuzen - Praticienne de Shiatsu"},"image":{"@id":"https:\/\/shiatsu-bleuzen.fr\/#\/schema\/logo\/image\/"}}]}},"_links":{"self":[{"href":"https:\/\/shiatsu-bleuzen.fr\/index.php\/wp-json\/wp\/v2\/pages\/12","targetHints":{"allow":["GET"]}}],"collection":[{"href":"https:\/\/shiatsu-bleuzen.fr\/index.php\/wp-json\/wp\/v2\/pages"}],"about":[{"href":"https:\/\/shiatsu-bleuzen.fr\/index.php\/wp-json\/wp\/v2\/types\/page"}],"author":[{"embeddable":true,"href":"https:\/\/shiatsu-bleuzen.fr\/index.php\/wp-json\/wp\/v2\/users\/1"}],"replies":[{"embeddable":true,"href":"https:\/\/shiatsu-bleuzen.fr\/index.php\/wp-json\/wp\/v2\/comments?post=12"}],"version-history":[{"count":7,"href":"https:\/\/shiatsu-bleuzen.fr\/index.php\/wp-json\/wp\/v2\/pages\/12\/revisions"}],"predecessor-version":[{"id":381,"href":"https:\/\/shiatsu-bleuzen.fr\/index.php\/wp-json\/wp\/v2\/pages\/12\/revisions\/381"}],"wp:attachment":[{"href":"https:\/\/shiatsu-bleuzen.fr\/index.php\/wp-json\/wp\/v2\/media?parent=12"}],"curies":[{"name":"wp","href":"https:\/\/api.w.org\/{rel}","templated":true}]}}