{"id":23,"date":"2023-07-25T19:34:50","date_gmt":"2023-07-25T17:34:50","guid":{"rendered":"https:\/\/gleaming-gprono.wordpress.com\/?page_id=23"},"modified":"2026-03-11T22:23:46","modified_gmt":"2026-03-11T21:23:46","slug":"les-soins-2","status":"publish","type":"page","link":"https:\/\/shiatsu-bleuzen.fr\/index.php\/les-soins-2\/","title":{"rendered":"Les soins et tarifs"},"content":{"rendered":"\n<div class=\"wp-block-columns alignfull is-layout-flex wp-container-core-columns-is-layout-28f84493 wp-block-columns-is-layout-flex\">\n<div class=\"wp-block-column is-layout-flow wp-block-column-is-layout-flow\">\n<div class=\"wp-block-group alignwide is-layout-flow wp-block-group-is-layout-flow\" style=\"padding-top:0px;padding-right:var(--wp--preset--spacing--60);padding-bottom:80px;padding-left:var(--wp--preset--spacing--60)\">\n<h2 class=\"wp-block-heading\">S\u00e9ance de Shiatsu traditionnel<\/h2>\n\n\n\n<div style=\"height:26px\" aria-hidden=\"true\" class=\"wp-block-spacer\"><\/div>\n\n\n\n<p>Une s\u00e9ance dure environ une heure.<\/p>\n\n\n\n<p>Elle se d\u00e9roule au sol sur un matelas futon.<\/p>\n\n\n\n<p>Les soins se re\u00e7oivent en v\u00eatement (pr\u00e9voir une tenue souple et confortable)<\/p>\n<\/div>\n<\/div>\n\n\n\n<div class=\"wp-block-column is-layout-flow wp-block-column-is-layout-flow\">\n<div class=\"wp-block-group alignwide is-layout-flow wp-block-group-is-layout-flow\" style=\"padding-top:0px;padding-right:var(--wp--preset--spacing--60);padding-bottom:80px;padding-left:var(--wp--preset--spacing--60)\">\n<h2 class=\"wp-block-heading\">Tarifs<\/h2>\n\n\n\n<div style=\"height:26px\" aria-hidden=\"true\" class=\"wp-block-spacer\"><\/div>\n\n\n\n<ul style=\"line-height:1.7\" class=\"wp-block-list\">\n<li>50\u20ac au cabinet \u00e0 Plestin les Gr\u00e8ves ou Lannion<\/li>\n<\/ul>\n\n\n\n<p><\/p>\n\n\n\n<p><em>Tarif r\u00e9duit possible<\/em><\/p>\n\n\n\n<p><\/p>\n\n\n\n<p><em>Certaines compl\u00e9mentaires sant\u00e9 remboursent les s\u00e9ances en partie ou en totalit\u00e9<\/em>. <em>Pensez \u00e0 vous renseigner aupr\u00e8s de la v\u00f4tre<\/em><\/p>\n\n\n\n<p><\/p>\n\n\n\n<p><\/p>\n\n\n\n<p>Pour r\u00e9server une s\u00e9ance :<\/p>\n\n\n\n<p><strong>06 51 68 78 04<\/strong><\/p>\n<\/div>\n<\/div>\n<\/div>\n","protected":false},"excerpt":{"rendered":"<p>S\u00e9ance de Shiatsu traditionnel Une s\u00e9ance dure environ une heure. Elle se d\u00e9roule au sol sur un matelas futon. Les soins se re\u00e7oivent en v\u00eatement (pr\u00e9voir une tenue souple et confortable) Tarifs Tarif r\u00e9duit possible Certaines compl\u00e9mentaires sant\u00e9 remboursent les s\u00e9ances en partie ou en totalit\u00e9. Pensez \u00e0 vous renseigner aupr\u00e8s de la v\u00f4tre Pour [&hellip;]<\/p>\n","protected":false},"author":1,"featured_media":0,"parent":0,"menu_order":0,"comment_status":"closed","ping_status":"closed","template":"","meta":{"footnotes":""},"class_list":["post-23","page","type-page","status-publish","hentry"],"yoast_head":"<!-- This site is optimized with the Yoast SEO plugin v24.3 - https:\/\/yoast.com\/wordpress\/plugins\/seo\/ -->\n<title>Les soins et tarifs - Manon Bleuzen - Praticienne de Shiatsu \u00e0 Plestin-les-Gr\u00e8ves et Lannion<\/title>\n<meta name=\"description\" content=\"Les soins et tarifs des sc\u00e9ances de Shiatsu Manon Bleuzen\" \/>\n<meta name=\"robots\" content=\"index, follow, max-snippet:-1, max-image-preview:large, max-video-preview:-1\" \/>\n<link rel=\"canonical\" href=\"https:\/\/shiatsu-bleuzen.fr\/index.php\/les-soins-2\/\" \/>\n<meta property=\"og:locale\" content=\"fr_FR\" \/>\n<meta property=\"og:type\" content=\"article\" \/>\n<meta property=\"og:title\" content=\"Les soins et tarifs - Manon Bleuzen - Praticienne de Shiatsu \u00e0 Plestin-les-Gr\u00e8ves et Lannion\" \/>\n<meta property=\"og:description\" content=\"Les soins et tarifs des sc\u00e9ances de Shiatsu Manon Bleuzen\" \/>\n<meta property=\"og:url\" content=\"https:\/\/shiatsu-bleuzen.fr\/index.php\/les-soins-2\/\" \/>\n<meta property=\"og:site_name\" content=\"Manon Bleuzen - Praticienne de Shiatsu \u00e0 Plestin-les-Gr\u00e8ves et Lannion\" \/>\n<meta property=\"article:modified_time\" content=\"2026-03-11T21:23:46+00:00\" \/>\n<meta name=\"twitter:card\" content=\"summary_large_image\" \/>\n<meta name=\"twitter:label1\" content=\"Dur\u00e9e de lecture estim\u00e9e\" \/>\n\t<meta name=\"twitter:data1\" content=\"1 minute\" \/>\n<script type=\"application\/ld+json\" class=\"yoast-schema-graph\">{\"@context\":\"https:\/\/schema.org\",\"@graph\":[{\"@type\":\"WebPage\",\"@id\":\"https:\/\/shiatsu-bleuzen.fr\/index.php\/les-soins-2\/\",\"url\":\"https:\/\/shiatsu-bleuzen.fr\/index.php\/les-soins-2\/\",\"name\":\"Les soins et tarifs - Manon Bleuzen - Praticienne de Shiatsu \u00e0 Plestin-les-Gr\u00e8ves et Lannion\",\"isPartOf\":{\"@id\":\"https:\/\/shiatsu-bleuzen.fr\/#website\"},\"datePublished\":\"2023-07-25T17:34:50+00:00\",\"dateModified\":\"2026-03-11T21:23:46+00:00\",\"description\":\"Les soins et tarifs des sc\u00e9ances de Shiatsu Manon Bleuzen\",\"breadcrumb\":{\"@id\":\"https:\/\/shiatsu-bleuzen.fr\/index.php\/les-soins-2\/#breadcrumb\"},\"inLanguage\":\"fr-FR\",\"potentialAction\":[{\"@type\":\"ReadAction\",\"target\":[\"https:\/\/shiatsu-bleuzen.fr\/index.php\/les-soins-2\/\"]}]},{\"@type\":\"BreadcrumbList\",\"@id\":\"https:\/\/shiatsu-bleuzen.fr\/index.php\/les-soins-2\/#breadcrumb\",\"itemListElement\":[{\"@type\":\"ListItem\",\"position\":1,\"name\":\"Accueil\",\"item\":\"https:\/\/shiatsu-bleuzen.fr\/\"},{\"@type\":\"ListItem\",\"position\":2,\"name\":\"Les soins et tarifs\"}]},{\"@type\":\"WebSite\",\"@id\":\"https:\/\/shiatsu-bleuzen.fr\/#website\",\"url\":\"https:\/\/shiatsu-bleuzen.fr\/\",\"name\":\"Manon Bleuzen - Praticienne de Shiatsu\",\"description\":\"Manon Bleuzen - Praticienne de Shiatsu \u00e0 Lannion et dans le Tr\u00e9gor\",\"publisher\":{\"@id\":\"https:\/\/shiatsu-bleuzen.fr\/#organization\"},\"potentialAction\":[{\"@type\":\"SearchAction\",\"target\":{\"@type\":\"EntryPoint\",\"urlTemplate\":\"https:\/\/shiatsu-bleuzen.fr\/?s={search_term_string}\"},\"query-input\":{\"@type\":\"PropertyValueSpecification\",\"valueRequired\":true,\"valueName\":\"search_term_string\"}}],\"inLanguage\":\"fr-FR\"},{\"@type\":\"Organization\",\"@id\":\"https:\/\/shiatsu-bleuzen.fr\/#organization\",\"name\":\"Manon Bleuzen - Praticienne de Shiatsu\",\"url\":\"https:\/\/shiatsu-bleuzen.fr\/\",\"logo\":{\"@type\":\"ImageObject\",\"inLanguage\":\"fr-FR\",\"@id\":\"https:\/\/shiatsu-bleuzen.fr\/#\/schema\/logo\/image\/\",\"url\":\"https:\/\/shiatsu-bleuzen.fr\/wp-content\/uploads\/2025\/01\/site-logo.png\",\"contentUrl\":\"https:\/\/shiatsu-bleuzen.fr\/wp-content\/uploads\/2025\/01\/site-logo.png\",\"width\":512,\"height\":512,\"caption\":\"Manon Bleuzen - Praticienne de Shiatsu\"},\"image\":{\"@id\":\"https:\/\/shiatsu-bleuzen.fr\/#\/schema\/logo\/image\/\"}}]}<\/script>\n<!-- \/ Yoast SEO plugin. -->","yoast_head_json":{"title":"Les soins et tarifs - Manon Bleuzen - Praticienne de Shiatsu \u00e0 Plestin-les-Gr\u00e8ves et Lannion","description":"Les soins et tarifs des sc\u00e9ances de Shiatsu Manon Bleuzen","robots":{"index":"index","follow":"follow","max-snippet":"max-snippet:-1","max-image-preview":"max-image-preview:large","max-video-preview":"max-video-preview:-1"},"canonical":"https:\/\/shiatsu-bleuzen.fr\/index.php\/les-soins-2\/","og_locale":"fr_FR","og_type":"article","og_title":"Les soins et tarifs - Manon Bleuzen - Praticienne de Shiatsu \u00e0 Plestin-les-Gr\u00e8ves et Lannion","og_description":"Les soins et tarifs des sc\u00e9ances de Shiatsu Manon Bleuzen","og_url":"https:\/\/shiatsu-bleuzen.fr\/index.php\/les-soins-2\/","og_site_name":"Manon Bleuzen - Praticienne de Shiatsu \u00e0 Plestin-les-Gr\u00e8ves et Lannion","article_modified_time":"2026-03-11T21:23:46+00:00","twitter_card":"summary_large_image","twitter_misc":{"Dur\u00e9e de lecture estim\u00e9e":"1 minute"},"schema":{"@context":"https:\/\/schema.org","@graph":[{"@type":"WebPage","@id":"https:\/\/shiatsu-bleuzen.fr\/index.php\/les-soins-2\/","url":"https:\/\/shiatsu-bleuzen.fr\/index.php\/les-soins-2\/","name":"Les soins et tarifs - Manon Bleuzen - Praticienne de Shiatsu \u00e0 Plestin-les-Gr\u00e8ves et Lannion","isPartOf":{"@id":"https:\/\/shiatsu-bleuzen.fr\/#website"},"datePublished":"2023-07-25T17:34:50+00:00","dateModified":"2026-03-11T21:23:46+00:00","description":"Les soins et tarifs des sc\u00e9ances de Shiatsu Manon Bleuzen","breadcrumb":{"@id":"https:\/\/shiatsu-bleuzen.fr\/index.php\/les-soins-2\/#breadcrumb"},"inLanguage":"fr-FR","potentialAction":[{"@type":"ReadAction","target":["https:\/\/shiatsu-bleuzen.fr\/index.php\/les-soins-2\/"]}]},{"@type":"BreadcrumbList","@id":"https:\/\/shiatsu-bleuzen.fr\/index.php\/les-soins-2\/#breadcrumb","itemListElement":[{"@type":"ListItem","position":1,"name":"Accueil","item":"https:\/\/shiatsu-bleuzen.fr\/"},{"@type":"ListItem","position":2,"name":"Les soins et tarifs"}]},{"@type":"WebSite","@id":"https:\/\/shiatsu-bleuzen.fr\/#website","url":"https:\/\/shiatsu-bleuzen.fr\/","name":"Manon Bleuzen - Praticienne de Shiatsu","description":"Manon Bleuzen - Praticienne de Shiatsu \u00e0 Lannion et dans le Tr\u00e9gor","publisher":{"@id":"https:\/\/shiatsu-bleuzen.fr\/#organization"},"potentialAction":[{"@type":"SearchAction","target":{"@type":"EntryPoint","urlTemplate":"https:\/\/shiatsu-bleuzen.fr\/?s={search_term_string}"},"query-input":{"@type":"PropertyValueSpecification","valueRequired":true,"valueName":"search_term_string"}}],"inLanguage":"fr-FR"},{"@type":"Organization","@id":"https:\/\/shiatsu-bleuzen.fr\/#organization","name":"Manon Bleuzen - Praticienne de Shiatsu","url":"https:\/\/shiatsu-bleuzen.fr\/","logo":{"@type":"ImageObject","inLanguage":"fr-FR","@id":"https:\/\/shiatsu-bleuzen.fr\/#\/schema\/logo\/image\/","url":"https:\/\/shiatsu-bleuzen.fr\/wp-content\/uploads\/2025\/01\/site-logo.png","contentUrl":"https:\/\/shiatsu-bleuzen.fr\/wp-content\/uploads\/2025\/01\/site-logo.png","width":512,"height":512,"caption":"Manon Bleuzen - Praticienne de Shiatsu"},"image":{"@id":"https:\/\/shiatsu-bleuzen.fr\/#\/schema\/logo\/image\/"}}]}},"_links":{"self":[{"href":"https:\/\/shiatsu-bleuzen.fr\/index.php\/wp-json\/wp\/v2\/pages\/23","targetHints":{"allow":["GET"]}}],"collection":[{"href":"https:\/\/shiatsu-bleuzen.fr\/index.php\/wp-json\/wp\/v2\/pages"}],"about":[{"href":"https:\/\/shiatsu-bleuzen.fr\/index.php\/wp-json\/wp\/v2\/types\/page"}],"author":[{"embeddable":true,"href":"https:\/\/shiatsu-bleuzen.fr\/index.php\/wp-json\/wp\/v2\/users\/1"}],"replies":[{"embeddable":true,"href":"https:\/\/shiatsu-bleuzen.fr\/index.php\/wp-json\/wp\/v2\/comments?post=23"}],"version-history":[{"count":15,"href":"https:\/\/shiatsu-bleuzen.fr\/index.php\/wp-json\/wp\/v2\/pages\/23\/revisions"}],"predecessor-version":[{"id":402,"href":"https:\/\/shiatsu-bleuzen.fr\/index.php\/wp-json\/wp\/v2\/pages\/23\/revisions\/402"}],"wp:attachment":[{"href":"https:\/\/shiatsu-bleuzen.fr\/index.php\/wp-json\/wp\/v2\/media?parent=23"}],"curies":[{"name":"wp","href":"https:\/\/api.w.org\/{rel}","templated":true}]}}