{"id":26,"date":"2023-07-25T19:27:57","date_gmt":"2023-07-25T17:27:57","guid":{"rendered":"https:\/\/gleaming-gprono.wordpress.com\/?page_id=26"},"modified":"2026-03-12T09:56:10","modified_gmt":"2026-03-12T08:56:10","slug":"contact","status":"publish","type":"page","link":"https:\/\/shiatsu-bleuzen.fr\/index.php\/contact\/","title":{"rendered":"Contact"},"content":{"rendered":"\n<div class=\"wp-block-columns alignwide is-layout-flex wp-container-core-columns-is-layout-2c077f86 wp-block-columns-is-layout-flex\" style=\"margin-top:0;margin-bottom:0;padding-top:var(--wp--preset--spacing--20);padding-bottom:var(--wp--preset--spacing--20)\">\n<div class=\"wp-block-column has-global-padding is-layout-constrained wp-block-column-is-layout-constrained\">\n<p class=\"has-text-align-center\" style=\"line-height:2\">Main Commune<\/p>\n\n\n\n<p class=\"has-text-align-center\" style=\"line-height:2\">8 rue de Pont Menou<\/p>\n\n\n\n<p class=\"has-text-align-center\" style=\"line-height:2\">22310 Plestin-les-Gr\u00e8ves<\/p>\n\n\n\n<div class=\"wp-block-group alignfull is-content-justification-center is-nowrap is-layout-flex wp-container-core-group-is-layout-23441af8 wp-block-group-is-layout-flex\">\n<iframe src=\"https:\/\/www.google.com\/maps\/embed?pb=!1m18!1m12!1m3!1d3153.4522423508142!2d-3.6340018232309035!3d48.66128251455699!2m3!1f0!2f0!3f0!3m2!1i1024!2i768!4f13.1!3m3!1m2!1s0x48117df7e82853ef%3A0xef59dbcd6fee1137!2s8%20Rue%20du%20Pont%20Menou%2C%2022310%20Plestin-les-Gr%C3%A8ves!5e1!3m2!1sfr!2sfr!4v1773305716234!5m2!1sfr!2sfr\" width=\"600\" height=\"450\" style=\"border:0;\" allowfullscreen=\"\" loading=\"lazy\" referrerpolicy=\"no-referrer-when-downgrade\"><\/iframe>\n<\/div>\n\n\n\n<p class=\"has-text-align-center\">&#8211;<\/p>\n<\/div>\n\n\n\n<div class=\"wp-block-column is-vertically-aligned-top has-global-padding is-content-justification-right is-layout-constrained wp-container-core-column-is-layout-91f7e4aa wp-block-column-is-layout-constrained\" style=\"padding-top:0;padding-right:0;padding-bottom:0;padding-left:0\">\n<p class=\"has-text-align-center\" style=\"line-height:2\">Espace Detente &amp; Sante Naturelle<\/p>\n\n\n\n<p class=\"has-text-align-center\" style=\"line-height:2\">8 impasse Philibert Commerson<\/p>\n\n\n\n<p class=\"has-text-align-center\" style=\"line-height:2\">22300 Lannion<\/p>\n\n\n\n<div class=\"wp-block-group alignfull is-content-justification-center is-nowrap is-layout-flex wp-container-core-group-is-layout-23441af8 wp-block-group-is-layout-flex\">\n<iframe src=\"https:\/\/www.google.com\/maps\/embed?pb=!1m18!1m12!1m3!1d1138.3763926501626!2d-3.4521661801300825!3d48.74703706436581!2m3!1f0!2f0!3f0!3m2!1i1024!2i768!4f13.1!3m3!1m2!1s0x48122b20a1c1d57b%3A0x7d73ee4c93da5931!2sEspace%20Detente%20Sante%20Naturelle!5e1!3m2!1sfr!2sfr!4v1737289163092!5m2!1sfr!2sfr\" width=\"700\" height=\"450\" style=\"border:0;\" allowfullscreen=\"\" loading=\"lazy\" referrerpolicy=\"no-referrer-when-downgrade\"><\/iframe>\n<\/div>\n<\/div>\n<\/div>\n\n\n\n<p><\/p>\n\n\n\n<p class=\"has-text-align-center\" style=\"line-height:2\">06 51 68 78 04<\/p>\n\n\n\n<p class=\"has-text-align-center\">&#8211;<\/p>\n\n\n\n<p class=\"has-text-align-center\" style=\"line-height:2\">shiatsu.bleuzen@gmail.com<\/p>\n\n\n\n<p><\/p>\n","protected":false},"excerpt":{"rendered":"<p>Main Commune 8 rue de Pont Menou 22310 Plestin-les-Gr\u00e8ves &#8211; Espace Detente &amp; Sante Naturelle 8 impasse Philibert Commerson 22300 Lannion 06 51 68 78 04 &#8211; shiatsu.bleuzen@gmail.com<\/p>\n","protected":false},"author":1,"featured_media":0,"parent":0,"menu_order":0,"comment_status":"closed","ping_status":"closed","template":"","meta":{"footnotes":""},"class_list":["post-26","page","type-page","status-publish","hentry"],"yoast_head":"<!-- This site is optimized with the Yoast SEO plugin v24.3 - https:\/\/yoast.com\/wordpress\/plugins\/seo\/ -->\n<title>Contact - Manon Bleuzen - Praticienne de Shiatsu \u00e0 Plestin-les-Gr\u00e8ves et Lannion<\/title>\n<meta name=\"description\" content=\"Contactez Manon Bleuzen, praticienne en shiatsu, th\u00e9rapie de soin japonais \u00e0 Lannion Tr\u00e9gor Shiatsu\" \/>\n<meta name=\"robots\" content=\"index, follow, max-snippet:-1, max-image-preview:large, max-video-preview:-1\" \/>\n<link rel=\"canonical\" href=\"https:\/\/shiatsu-bleuzen.fr\/index.php\/contact\/\" \/>\n<meta property=\"og:locale\" content=\"fr_FR\" \/>\n<meta property=\"og:type\" content=\"article\" \/>\n<meta property=\"og:title\" content=\"Contact - Manon Bleuzen - Praticienne de Shiatsu \u00e0 Plestin-les-Gr\u00e8ves et Lannion\" \/>\n<meta property=\"og:description\" content=\"Contactez Manon Bleuzen, praticienne en shiatsu, th\u00e9rapie de soin japonais \u00e0 Lannion Tr\u00e9gor Shiatsu\" \/>\n<meta property=\"og:url\" content=\"https:\/\/shiatsu-bleuzen.fr\/index.php\/contact\/\" \/>\n<meta property=\"og:site_name\" content=\"Manon Bleuzen - Praticienne de Shiatsu \u00e0 Plestin-les-Gr\u00e8ves et Lannion\" \/>\n<meta property=\"article:modified_time\" content=\"2026-03-12T08:56:10+00:00\" \/>\n<meta name=\"twitter:card\" content=\"summary_large_image\" \/>\n<meta name=\"twitter:label1\" content=\"Dur\u00e9e de lecture estim\u00e9e\" \/>\n\t<meta name=\"twitter:data1\" content=\"1 minute\" \/>\n<script type=\"application\/ld+json\" class=\"yoast-schema-graph\">{\"@context\":\"https:\/\/schema.org\",\"@graph\":[{\"@type\":\"WebPage\",\"@id\":\"https:\/\/shiatsu-bleuzen.fr\/index.php\/contact\/\",\"url\":\"https:\/\/shiatsu-bleuzen.fr\/index.php\/contact\/\",\"name\":\"Contact - Manon Bleuzen - Praticienne de Shiatsu \u00e0 Plestin-les-Gr\u00e8ves et Lannion\",\"isPartOf\":{\"@id\":\"https:\/\/shiatsu-bleuzen.fr\/#website\"},\"datePublished\":\"2023-07-25T17:27:57+00:00\",\"dateModified\":\"2026-03-12T08:56:10+00:00\",\"description\":\"Contactez Manon Bleuzen, praticienne en shiatsu, th\u00e9rapie de soin japonais \u00e0 Lannion Tr\u00e9gor Shiatsu\",\"breadcrumb\":{\"@id\":\"https:\/\/shiatsu-bleuzen.fr\/index.php\/contact\/#breadcrumb\"},\"inLanguage\":\"fr-FR\",\"potentialAction\":[{\"@type\":\"ReadAction\",\"target\":[\"https:\/\/shiatsu-bleuzen.fr\/index.php\/contact\/\"]}]},{\"@type\":\"BreadcrumbList\",\"@id\":\"https:\/\/shiatsu-bleuzen.fr\/index.php\/contact\/#breadcrumb\",\"itemListElement\":[{\"@type\":\"ListItem\",\"position\":1,\"name\":\"Accueil\",\"item\":\"https:\/\/shiatsu-bleuzen.fr\/\"},{\"@type\":\"ListItem\",\"position\":2,\"name\":\"Contact\"}]},{\"@type\":\"WebSite\",\"@id\":\"https:\/\/shiatsu-bleuzen.fr\/#website\",\"url\":\"https:\/\/shiatsu-bleuzen.fr\/\",\"name\":\"Manon Bleuzen - Praticienne de Shiatsu\",\"description\":\"Manon Bleuzen - Praticienne de Shiatsu \u00e0 Lannion et dans le Tr\u00e9gor\",\"publisher\":{\"@id\":\"https:\/\/shiatsu-bleuzen.fr\/#organization\"},\"potentialAction\":[{\"@type\":\"SearchAction\",\"target\":{\"@type\":\"EntryPoint\",\"urlTemplate\":\"https:\/\/shiatsu-bleuzen.fr\/?s={search_term_string}\"},\"query-input\":{\"@type\":\"PropertyValueSpecification\",\"valueRequired\":true,\"valueName\":\"search_term_string\"}}],\"inLanguage\":\"fr-FR\"},{\"@type\":\"Organization\",\"@id\":\"https:\/\/shiatsu-bleuzen.fr\/#organization\",\"name\":\"Manon Bleuzen - Praticienne de Shiatsu\",\"url\":\"https:\/\/shiatsu-bleuzen.fr\/\",\"logo\":{\"@type\":\"ImageObject\",\"inLanguage\":\"fr-FR\",\"@id\":\"https:\/\/shiatsu-bleuzen.fr\/#\/schema\/logo\/image\/\",\"url\":\"https:\/\/shiatsu-bleuzen.fr\/wp-content\/uploads\/2025\/01\/site-logo.png\",\"contentUrl\":\"https:\/\/shiatsu-bleuzen.fr\/wp-content\/uploads\/2025\/01\/site-logo.png\",\"width\":512,\"height\":512,\"caption\":\"Manon Bleuzen - Praticienne de Shiatsu\"},\"image\":{\"@id\":\"https:\/\/shiatsu-bleuzen.fr\/#\/schema\/logo\/image\/\"}}]}<\/script>\n<!-- \/ Yoast SEO plugin. -->","yoast_head_json":{"title":"Contact - Manon Bleuzen - Praticienne de Shiatsu \u00e0 Plestin-les-Gr\u00e8ves et Lannion","description":"Contactez Manon Bleuzen, praticienne en shiatsu, th\u00e9rapie de soin japonais \u00e0 Lannion Tr\u00e9gor Shiatsu","robots":{"index":"index","follow":"follow","max-snippet":"max-snippet:-1","max-image-preview":"max-image-preview:large","max-video-preview":"max-video-preview:-1"},"canonical":"https:\/\/shiatsu-bleuzen.fr\/index.php\/contact\/","og_locale":"fr_FR","og_type":"article","og_title":"Contact - Manon Bleuzen - Praticienne de Shiatsu \u00e0 Plestin-les-Gr\u00e8ves et Lannion","og_description":"Contactez Manon Bleuzen, praticienne en shiatsu, th\u00e9rapie de soin japonais \u00e0 Lannion Tr\u00e9gor Shiatsu","og_url":"https:\/\/shiatsu-bleuzen.fr\/index.php\/contact\/","og_site_name":"Manon Bleuzen - Praticienne de Shiatsu \u00e0 Plestin-les-Gr\u00e8ves et Lannion","article_modified_time":"2026-03-12T08:56:10+00:00","twitter_card":"summary_large_image","twitter_misc":{"Dur\u00e9e de lecture estim\u00e9e":"1 minute"},"schema":{"@context":"https:\/\/schema.org","@graph":[{"@type":"WebPage","@id":"https:\/\/shiatsu-bleuzen.fr\/index.php\/contact\/","url":"https:\/\/shiatsu-bleuzen.fr\/index.php\/contact\/","name":"Contact - Manon Bleuzen - Praticienne de Shiatsu \u00e0 Plestin-les-Gr\u00e8ves et Lannion","isPartOf":{"@id":"https:\/\/shiatsu-bleuzen.fr\/#website"},"datePublished":"2023-07-25T17:27:57+00:00","dateModified":"2026-03-12T08:56:10+00:00","description":"Contactez Manon Bleuzen, praticienne en shiatsu, th\u00e9rapie de soin japonais \u00e0 Lannion Tr\u00e9gor Shiatsu","breadcrumb":{"@id":"https:\/\/shiatsu-bleuzen.fr\/index.php\/contact\/#breadcrumb"},"inLanguage":"fr-FR","potentialAction":[{"@type":"ReadAction","target":["https:\/\/shiatsu-bleuzen.fr\/index.php\/contact\/"]}]},{"@type":"BreadcrumbList","@id":"https:\/\/shiatsu-bleuzen.fr\/index.php\/contact\/#breadcrumb","itemListElement":[{"@type":"ListItem","position":1,"name":"Accueil","item":"https:\/\/shiatsu-bleuzen.fr\/"},{"@type":"ListItem","position":2,"name":"Contact"}]},{"@type":"WebSite","@id":"https:\/\/shiatsu-bleuzen.fr\/#website","url":"https:\/\/shiatsu-bleuzen.fr\/","name":"Manon Bleuzen - Praticienne de Shiatsu","description":"Manon Bleuzen - Praticienne de Shiatsu \u00e0 Lannion et dans le Tr\u00e9gor","publisher":{"@id":"https:\/\/shiatsu-bleuzen.fr\/#organization"},"potentialAction":[{"@type":"SearchAction","target":{"@type":"EntryPoint","urlTemplate":"https:\/\/shiatsu-bleuzen.fr\/?s={search_term_string}"},"query-input":{"@type":"PropertyValueSpecification","valueRequired":true,"valueName":"search_term_string"}}],"inLanguage":"fr-FR"},{"@type":"Organization","@id":"https:\/\/shiatsu-bleuzen.fr\/#organization","name":"Manon Bleuzen - Praticienne de Shiatsu","url":"https:\/\/shiatsu-bleuzen.fr\/","logo":{"@type":"ImageObject","inLanguage":"fr-FR","@id":"https:\/\/shiatsu-bleuzen.fr\/#\/schema\/logo\/image\/","url":"https:\/\/shiatsu-bleuzen.fr\/wp-content\/uploads\/2025\/01\/site-logo.png","contentUrl":"https:\/\/shiatsu-bleuzen.fr\/wp-content\/uploads\/2025\/01\/site-logo.png","width":512,"height":512,"caption":"Manon Bleuzen - Praticienne de Shiatsu"},"image":{"@id":"https:\/\/shiatsu-bleuzen.fr\/#\/schema\/logo\/image\/"}}]}},"_links":{"self":[{"href":"https:\/\/shiatsu-bleuzen.fr\/index.php\/wp-json\/wp\/v2\/pages\/26","targetHints":{"allow":["GET"]}}],"collection":[{"href":"https:\/\/shiatsu-bleuzen.fr\/index.php\/wp-json\/wp\/v2\/pages"}],"about":[{"href":"https:\/\/shiatsu-bleuzen.fr\/index.php\/wp-json\/wp\/v2\/types\/page"}],"author":[{"embeddable":true,"href":"https:\/\/shiatsu-bleuzen.fr\/index.php\/wp-json\/wp\/v2\/users\/1"}],"replies":[{"embeddable":true,"href":"https:\/\/shiatsu-bleuzen.fr\/index.php\/wp-json\/wp\/v2\/comments?post=26"}],"version-history":[{"count":42,"href":"https:\/\/shiatsu-bleuzen.fr\/index.php\/wp-json\/wp\/v2\/pages\/26\/revisions"}],"predecessor-version":[{"id":415,"href":"https:\/\/shiatsu-bleuzen.fr\/index.php\/wp-json\/wp\/v2\/pages\/26\/revisions\/415"}],"wp:attachment":[{"href":"https:\/\/shiatsu-bleuzen.fr\/index.php\/wp-json\/wp\/v2\/media?parent=26"}],"curies":[{"name":"wp","href":"https:\/\/api.w.org\/{rel}","templated":true}]}}