{"id":38,"date":"2023-07-25T20:01:46","date_gmt":"2023-07-25T18:01:46","guid":{"rendered":"https:\/\/gleaming-gprono.wordpress.com\/?page_id=38"},"modified":"2025-02-14T20:39:01","modified_gmt":"2025-02-14T19:39:01","slug":"carte-a-propos-de-moi","status":"publish","type":"page","link":"https:\/\/shiatsu-bleuzen.fr\/index.php\/carte-a-propos-de-moi\/","title":{"rendered":"Qui suis-je?"},"content":{"rendered":"\n<div class=\"wp-block-group alignfull has-global-padding is-layout-constrained wp-container-core-group-is-layout-e555385e wp-block-group-is-layout-constrained\">\n<figure class=\"wp-block-image aligncenter size-full is-resized has-custom-border is-style-default wp-duotone-unset-1\"><img loading=\"lazy\" decoding=\"async\" width=\"1826\" height=\"2560\" src=\"https:\/\/shiatsu-bleuzen.fr\/wp-content\/uploads\/2025\/02\/20250214_103845-Copie-2-scaled.jpg\" alt=\"\" class=\"wp-image-368\" style=\"border-width:4px;border-radius:0px;width:300px;height:undefinedpx\" srcset=\"https:\/\/shiatsu-bleuzen.fr\/wp-content\/uploads\/2025\/02\/20250214_103845-Copie-2-scaled.jpg 1826w, https:\/\/shiatsu-bleuzen.fr\/wp-content\/uploads\/2025\/02\/20250214_103845-Copie-2-214x300.jpg 214w, https:\/\/shiatsu-bleuzen.fr\/wp-content\/uploads\/2025\/02\/20250214_103845-Copie-2-731x1024.jpg 731w, https:\/\/shiatsu-bleuzen.fr\/wp-content\/uploads\/2025\/02\/20250214_103845-Copie-2-768x1077.jpg 768w, https:\/\/shiatsu-bleuzen.fr\/wp-content\/uploads\/2025\/02\/20250214_103845-Copie-2-1096x1536.jpg 1096w, https:\/\/shiatsu-bleuzen.fr\/wp-content\/uploads\/2025\/02\/20250214_103845-Copie-2-1461x2048.jpg 1461w\" sizes=\"auto, (max-width: 1826px) 100vw, 1826px\" \/><\/figure>\n\n\n\n<div class=\"wp-block-group margin-top-none has-black-color has-text-color has-link-color wp-elements-ec5813b5762e1d16408551dbd9a81142 is-layout-flow wp-block-group-is-layout-flow\" style=\"margin-top:0px;padding-top:40px;padding-right:40px;padding-bottom:40px;padding-left:40px\">\n<p class=\"wp-container-content-9cfa9a5a\"><strong>Curieuse des m\u00e9decines alternatives, j\u2019ai d\u00e9cid\u00e9 de me former au Shiatsu afin d\u2019apporter bien \u00eatre et r\u00e9confort autour de moi<\/strong><\/p>\n\n\n\n<div style=\"height:33px\" aria-hidden=\"true\" class=\"wp-block-spacer\"><\/div>\n\n\n\n<ul class=\"wp-block-list\">\n<li><strong>Formation de Koho Shiatsu \u00e0 Gouesnou<\/strong><\/li>\n<\/ul>\n\n\n\n<p style=\"margin-top:var(--wp--preset--spacing--10);margin-bottom:var(--wp--preset--spacing--10)\">Formation professionnelle sur 3 ans (2020 \u00e0 2023) en Koho Shiatsu, couvrant les m\u00e9decines traditionnelles chinoises ainsi que les m\u00e9thodes de soins sp\u00e9cifiques aux \u00e9coles traditionnelles japonaises dont Hakko Ryu<\/p>\n\n\n\n<ul class=\"wp-block-list\">\n<li><strong>Formation de Shyuyou\u00a0Shiatsu \u00e0 Paris<\/strong><\/li>\n<\/ul>\n\n\n\n<p style=\"margin-top:var(--wp--preset--spacing--10);margin-bottom:var(--wp--preset--spacing--10)\">Formation dirig\u00e9e par Manabu Watanabe, fondateur de l&rsquo;Ecole de Shyuyou Shiatsu et repr\u00e9sentant officiel de l&rsquo;aunka\u00ef pour l&rsquo;Europe. Cycle de 3 ans (2022-2025)<\/p>\n\n\n\n<ul class=\"wp-block-list\">\n<li><strong>Cours avec Alain Tauch,  Su Shiatsu<\/strong><\/li>\n<\/ul>\n\n\n\n<p class=\"wp-container-content-9cfa9a5a\" style=\"margin-top:var(--wp--preset--spacing--10);margin-bottom:var(--wp--preset--spacing--10)\">J&rsquo;ai \u00e9galement eu la chance de pratiquer \u00e0 l&rsquo;Ecole Namikoshi de Tokyo sous l&rsquo;\u0153il de Yuji Namikoshi<\/p>\n<\/div>\n<\/div>\n\n\n\n<p><\/p>\n","protected":false},"excerpt":{"rendered":"<p>Curieuse des m\u00e9decines alternatives, j\u2019ai d\u00e9cid\u00e9 de me former au Shiatsu afin d\u2019apporter bien \u00eatre et r\u00e9confort autour de moi Formation professionnelle sur 3 ans (2020 \u00e0 2023) en Koho Shiatsu, couvrant les m\u00e9decines traditionnelles chinoises ainsi que les m\u00e9thodes de soins sp\u00e9cifiques aux \u00e9coles traditionnelles japonaises dont Hakko Ryu Formation dirig\u00e9e par Manabu Watanabe, [&hellip;]<\/p>\n","protected":false},"author":1,"featured_media":0,"parent":0,"menu_order":0,"comment_status":"closed","ping_status":"closed","template":"","meta":{"footnotes":""},"class_list":["post-38","page","type-page","status-publish","hentry"],"yoast_head":"<!-- This site is optimized with the Yoast SEO plugin v24.3 - https:\/\/yoast.com\/wordpress\/plugins\/seo\/ -->\n<title>Qui suis-je? - Manon Bleuzen - Praticienne de Shiatsu \u00e0 Plestin-les-Gr\u00e8ves et Lannion<\/title>\n<meta name=\"description\" content=\"Pr\u00e9sentation Manon Bleuzen Shiatsu\" \/>\n<meta name=\"robots\" content=\"index, follow, max-snippet:-1, max-image-preview:large, max-video-preview:-1\" \/>\n<link rel=\"canonical\" href=\"https:\/\/shiatsu-bleuzen.fr\/index.php\/carte-a-propos-de-moi\/\" \/>\n<meta property=\"og:locale\" content=\"fr_FR\" \/>\n<meta property=\"og:type\" content=\"article\" \/>\n<meta property=\"og:title\" content=\"Qui suis-je? - Manon Bleuzen - Praticienne de Shiatsu \u00e0 Plestin-les-Gr\u00e8ves et Lannion\" \/>\n<meta property=\"og:description\" content=\"Pr\u00e9sentation Manon Bleuzen Shiatsu\" \/>\n<meta property=\"og:url\" content=\"https:\/\/shiatsu-bleuzen.fr\/index.php\/carte-a-propos-de-moi\/\" \/>\n<meta property=\"og:site_name\" content=\"Manon Bleuzen - Praticienne de Shiatsu \u00e0 Plestin-les-Gr\u00e8ves et Lannion\" \/>\n<meta property=\"article:modified_time\" content=\"2025-02-14T19:39:01+00:00\" \/>\n<meta property=\"og:image\" content=\"https:\/\/shiatsu-bleuzen.fr\/wp-content\/uploads\/2025\/02\/20250214_103845-Copie-2-scaled.jpg\" \/>\n\t<meta property=\"og:image:width\" content=\"1826\" \/>\n\t<meta property=\"og:image:height\" content=\"2560\" \/>\n\t<meta property=\"og:image:type\" content=\"image\/jpeg\" \/>\n<meta name=\"twitter:card\" content=\"summary_large_image\" \/>\n<meta name=\"twitter:label1\" content=\"Dur\u00e9e de lecture estim\u00e9e\" \/>\n\t<meta name=\"twitter:data1\" content=\"1 minute\" \/>\n<script type=\"application\/ld+json\" class=\"yoast-schema-graph\">{\"@context\":\"https:\/\/schema.org\",\"@graph\":[{\"@type\":\"WebPage\",\"@id\":\"https:\/\/shiatsu-bleuzen.fr\/index.php\/carte-a-propos-de-moi\/\",\"url\":\"https:\/\/shiatsu-bleuzen.fr\/index.php\/carte-a-propos-de-moi\/\",\"name\":\"Qui suis-je? - Manon Bleuzen - Praticienne de Shiatsu \u00e0 Plestin-les-Gr\u00e8ves et Lannion\",\"isPartOf\":{\"@id\":\"https:\/\/shiatsu-bleuzen.fr\/#website\"},\"primaryImageOfPage\":{\"@id\":\"https:\/\/shiatsu-bleuzen.fr\/index.php\/carte-a-propos-de-moi\/#primaryimage\"},\"image\":{\"@id\":\"https:\/\/shiatsu-bleuzen.fr\/index.php\/carte-a-propos-de-moi\/#primaryimage\"},\"thumbnailUrl\":\"https:\/\/shiatsu-bleuzen.fr\/wp-content\/uploads\/2025\/02\/20250214_103845-Copie-2-scaled.jpg\",\"datePublished\":\"2023-07-25T18:01:46+00:00\",\"dateModified\":\"2025-02-14T19:39:01+00:00\",\"description\":\"Pr\u00e9sentation Manon Bleuzen Shiatsu\",\"breadcrumb\":{\"@id\":\"https:\/\/shiatsu-bleuzen.fr\/index.php\/carte-a-propos-de-moi\/#breadcrumb\"},\"inLanguage\":\"fr-FR\",\"potentialAction\":[{\"@type\":\"ReadAction\",\"target\":[\"https:\/\/shiatsu-bleuzen.fr\/index.php\/carte-a-propos-de-moi\/\"]}]},{\"@type\":\"ImageObject\",\"inLanguage\":\"fr-FR\",\"@id\":\"https:\/\/shiatsu-bleuzen.fr\/index.php\/carte-a-propos-de-moi\/#primaryimage\",\"url\":\"https:\/\/shiatsu-bleuzen.fr\/wp-content\/uploads\/2025\/02\/20250214_103845-Copie-2-scaled.jpg\",\"contentUrl\":\"https:\/\/shiatsu-bleuzen.fr\/wp-content\/uploads\/2025\/02\/20250214_103845-Copie-2-scaled.jpg\",\"width\":1826,\"height\":2560},{\"@type\":\"BreadcrumbList\",\"@id\":\"https:\/\/shiatsu-bleuzen.fr\/index.php\/carte-a-propos-de-moi\/#breadcrumb\",\"itemListElement\":[{\"@type\":\"ListItem\",\"position\":1,\"name\":\"Accueil\",\"item\":\"https:\/\/shiatsu-bleuzen.fr\/\"},{\"@type\":\"ListItem\",\"position\":2,\"name\":\"Qui suis-je?\"}]},{\"@type\":\"WebSite\",\"@id\":\"https:\/\/shiatsu-bleuzen.fr\/#website\",\"url\":\"https:\/\/shiatsu-bleuzen.fr\/\",\"name\":\"Manon Bleuzen - Praticienne de Shiatsu\",\"description\":\"Manon Bleuzen - Praticienne de Shiatsu \u00e0 Lannion et dans le Tr\u00e9gor\",\"publisher\":{\"@id\":\"https:\/\/shiatsu-bleuzen.fr\/#organization\"},\"potentialAction\":[{\"@type\":\"SearchAction\",\"target\":{\"@type\":\"EntryPoint\",\"urlTemplate\":\"https:\/\/shiatsu-bleuzen.fr\/?s={search_term_string}\"},\"query-input\":{\"@type\":\"PropertyValueSpecification\",\"valueRequired\":true,\"valueName\":\"search_term_string\"}}],\"inLanguage\":\"fr-FR\"},{\"@type\":\"Organization\",\"@id\":\"https:\/\/shiatsu-bleuzen.fr\/#organization\",\"name\":\"Manon Bleuzen - Praticienne de Shiatsu\",\"url\":\"https:\/\/shiatsu-bleuzen.fr\/\",\"logo\":{\"@type\":\"ImageObject\",\"inLanguage\":\"fr-FR\",\"@id\":\"https:\/\/shiatsu-bleuzen.fr\/#\/schema\/logo\/image\/\",\"url\":\"https:\/\/shiatsu-bleuzen.fr\/wp-content\/uploads\/2025\/01\/site-logo.png\",\"contentUrl\":\"https:\/\/shiatsu-bleuzen.fr\/wp-content\/uploads\/2025\/01\/site-logo.png\",\"width\":512,\"height\":512,\"caption\":\"Manon Bleuzen - Praticienne de Shiatsu\"},\"image\":{\"@id\":\"https:\/\/shiatsu-bleuzen.fr\/#\/schema\/logo\/image\/\"}}]}<\/script>\n<!-- \/ Yoast SEO plugin. -->","yoast_head_json":{"title":"Qui suis-je? - Manon Bleuzen - Praticienne de Shiatsu \u00e0 Plestin-les-Gr\u00e8ves et Lannion","description":"Pr\u00e9sentation Manon Bleuzen Shiatsu","robots":{"index":"index","follow":"follow","max-snippet":"max-snippet:-1","max-image-preview":"max-image-preview:large","max-video-preview":"max-video-preview:-1"},"canonical":"https:\/\/shiatsu-bleuzen.fr\/index.php\/carte-a-propos-de-moi\/","og_locale":"fr_FR","og_type":"article","og_title":"Qui suis-je? - Manon Bleuzen - Praticienne de Shiatsu \u00e0 Plestin-les-Gr\u00e8ves et Lannion","og_description":"Pr\u00e9sentation Manon Bleuzen Shiatsu","og_url":"https:\/\/shiatsu-bleuzen.fr\/index.php\/carte-a-propos-de-moi\/","og_site_name":"Manon Bleuzen - Praticienne de Shiatsu \u00e0 Plestin-les-Gr\u00e8ves et Lannion","article_modified_time":"2025-02-14T19:39:01+00:00","og_image":[{"width":1826,"height":2560,"url":"https:\/\/shiatsu-bleuzen.fr\/wp-content\/uploads\/2025\/02\/20250214_103845-Copie-2-scaled.jpg","type":"image\/jpeg"}],"twitter_card":"summary_large_image","twitter_misc":{"Dur\u00e9e de lecture estim\u00e9e":"1 minute"},"schema":{"@context":"https:\/\/schema.org","@graph":[{"@type":"WebPage","@id":"https:\/\/shiatsu-bleuzen.fr\/index.php\/carte-a-propos-de-moi\/","url":"https:\/\/shiatsu-bleuzen.fr\/index.php\/carte-a-propos-de-moi\/","name":"Qui suis-je? - Manon Bleuzen - Praticienne de Shiatsu \u00e0 Plestin-les-Gr\u00e8ves et Lannion","isPartOf":{"@id":"https:\/\/shiatsu-bleuzen.fr\/#website"},"primaryImageOfPage":{"@id":"https:\/\/shiatsu-bleuzen.fr\/index.php\/carte-a-propos-de-moi\/#primaryimage"},"image":{"@id":"https:\/\/shiatsu-bleuzen.fr\/index.php\/carte-a-propos-de-moi\/#primaryimage"},"thumbnailUrl":"https:\/\/shiatsu-bleuzen.fr\/wp-content\/uploads\/2025\/02\/20250214_103845-Copie-2-scaled.jpg","datePublished":"2023-07-25T18:01:46+00:00","dateModified":"2025-02-14T19:39:01+00:00","description":"Pr\u00e9sentation Manon Bleuzen Shiatsu","breadcrumb":{"@id":"https:\/\/shiatsu-bleuzen.fr\/index.php\/carte-a-propos-de-moi\/#breadcrumb"},"inLanguage":"fr-FR","potentialAction":[{"@type":"ReadAction","target":["https:\/\/shiatsu-bleuzen.fr\/index.php\/carte-a-propos-de-moi\/"]}]},{"@type":"ImageObject","inLanguage":"fr-FR","@id":"https:\/\/shiatsu-bleuzen.fr\/index.php\/carte-a-propos-de-moi\/#primaryimage","url":"https:\/\/shiatsu-bleuzen.fr\/wp-content\/uploads\/2025\/02\/20250214_103845-Copie-2-scaled.jpg","contentUrl":"https:\/\/shiatsu-bleuzen.fr\/wp-content\/uploads\/2025\/02\/20250214_103845-Copie-2-scaled.jpg","width":1826,"height":2560},{"@type":"BreadcrumbList","@id":"https:\/\/shiatsu-bleuzen.fr\/index.php\/carte-a-propos-de-moi\/#breadcrumb","itemListElement":[{"@type":"ListItem","position":1,"name":"Accueil","item":"https:\/\/shiatsu-bleuzen.fr\/"},{"@type":"ListItem","position":2,"name":"Qui suis-je?"}]},{"@type":"WebSite","@id":"https:\/\/shiatsu-bleuzen.fr\/#website","url":"https:\/\/shiatsu-bleuzen.fr\/","name":"Manon Bleuzen - Praticienne de Shiatsu","description":"Manon Bleuzen - Praticienne de Shiatsu \u00e0 Lannion et dans le Tr\u00e9gor","publisher":{"@id":"https:\/\/shiatsu-bleuzen.fr\/#organization"},"potentialAction":[{"@type":"SearchAction","target":{"@type":"EntryPoint","urlTemplate":"https:\/\/shiatsu-bleuzen.fr\/?s={search_term_string}"},"query-input":{"@type":"PropertyValueSpecification","valueRequired":true,"valueName":"search_term_string"}}],"inLanguage":"fr-FR"},{"@type":"Organization","@id":"https:\/\/shiatsu-bleuzen.fr\/#organization","name":"Manon Bleuzen - Praticienne de Shiatsu","url":"https:\/\/shiatsu-bleuzen.fr\/","logo":{"@type":"ImageObject","inLanguage":"fr-FR","@id":"https:\/\/shiatsu-bleuzen.fr\/#\/schema\/logo\/image\/","url":"https:\/\/shiatsu-bleuzen.fr\/wp-content\/uploads\/2025\/01\/site-logo.png","contentUrl":"https:\/\/shiatsu-bleuzen.fr\/wp-content\/uploads\/2025\/01\/site-logo.png","width":512,"height":512,"caption":"Manon Bleuzen - Praticienne de Shiatsu"},"image":{"@id":"https:\/\/shiatsu-bleuzen.fr\/#\/schema\/logo\/image\/"}}]}},"_links":{"self":[{"href":"https:\/\/shiatsu-bleuzen.fr\/index.php\/wp-json\/wp\/v2\/pages\/38","targetHints":{"allow":["GET"]}}],"collection":[{"href":"https:\/\/shiatsu-bleuzen.fr\/index.php\/wp-json\/wp\/v2\/pages"}],"about":[{"href":"https:\/\/shiatsu-bleuzen.fr\/index.php\/wp-json\/wp\/v2\/types\/page"}],"author":[{"embeddable":true,"href":"https:\/\/shiatsu-bleuzen.fr\/index.php\/wp-json\/wp\/v2\/users\/1"}],"replies":[{"embeddable":true,"href":"https:\/\/shiatsu-bleuzen.fr\/index.php\/wp-json\/wp\/v2\/comments?post=38"}],"version-history":[{"count":9,"href":"https:\/\/shiatsu-bleuzen.fr\/index.php\/wp-json\/wp\/v2\/pages\/38\/revisions"}],"predecessor-version":[{"id":383,"href":"https:\/\/shiatsu-bleuzen.fr\/index.php\/wp-json\/wp\/v2\/pages\/38\/revisions\/383"}],"wp:attachment":[{"href":"https:\/\/shiatsu-bleuzen.fr\/index.php\/wp-json\/wp\/v2\/media?parent=38"}],"curies":[{"name":"wp","href":"https:\/\/api.w.org\/{rel}","templated":true}]}}